{"id":6855,"date":"2020-01-20T13:49:54","date_gmt":"2020-01-20T12:49:54","guid":{"rendered":"https:\/\/monado.ch\/pantallas\/redes-sociales\/"},"modified":"2020-01-20T13:54:21","modified_gmt":"2020-01-20T12:54:21","slug":"redes-sociales","status":"publish","type":"page","link":"http:\/\/monado.carrefouraddictions.ch\/pantallas\/redes-sociales\/","title":{"rendered":"Redes sociales"},"content":{"rendered":"<p>[vc_row][vc_column][vc_accordion active_tab=&#8221;0&#8243; collapsible=&#8221;yes&#8221; disable_keyboard=&#8221;yes&#8221; title_size=&#8221;h6&#8243; style=&#8221;3&#8243;][vc_accordion_tab title=&#8221;\u00bfA partir de cu\u00e1ndo puede considerarse problem\u00e1tico el uso de las redes sociales?&#8221;][vc_row_inner][vc_column_inner][vc_column_text]<\/p>\n<p style=\"text-align: justify;\">La situaci\u00f3n se vuelve problem\u00e1tica cuando<\/p>\n<ul>\n<li style=\"text-align: justify;\">Su adolescente pasa mucho tiempo en las redes sociales<\/li>\n<li style=\"text-align: justify;\">Su adolescente necesita estar viendo lo que est\u00e1 pasando<\/li>\n<li style=\"text-align: justify;\">Se siente nervioso o fastidiado por no estar en l\u00ednea<\/li>\n<li style=\"text-align: justify;\">Las pantallas generan demasiado conflicto en el seno de la familia<\/li>\n<li style=\"text-align: justify;\">Se siente a disgusto cuando se desconecta<\/li>\n<li style=\"text-align: justify;\">La pantalla se convierte en una escapatoria, un refugio, un medio para aislarse y eludir la realidad<\/li>\n<li style=\"text-align: justify;\">Hay dolor.<\/li>\n<\/ul>\n<p>[\/vc_column_text][\/vc_column_inner][\/vc_row_inner][\/vc_accordion_tab][vc_accordion_tab title=&#8221;\u00bfC\u00f3mo hay que reaccionar?&#8221;][vc_column_text]<br \/>\nNo le reste valor a lo que hacen los adolescentes. El mundo de las redes sociales es algo muy importante para \u00e9l, para ella, para todos los adolescentes.<\/p>\n<p>Procure entender qu\u00e9 hace su adolescente cuando est\u00e1 en l\u00ednea:<\/p>\n<ul>\n<li>\u00bfQu\u00e9 redes sociales utiliza?<\/li>\n<li>\u00bfQu\u00e9 sensaciones tiene? \u00bfqu\u00e9 partido le saca?<\/li>\n<li>\u00bfTiene en cuenta lo que hacen los dem\u00e1s? \u00bfBaja cosas suyas a internet? \u00bfqu\u00e9 cosas? \u00bfa menudo?<\/li>\n<li>Cuando otros bajan sus cosas, \u00bfqu\u00e9 sensaciones le da? \u00bfson cosas que le influencian? \u00bfsiempre est\u00e1 de acuerdo con lo que ve y escucha?<\/li>\n<li>\u00bfC\u00f3mo se presenta a s\u00ed mismo? \u00bfQu\u00e9 dice de su identidad \u00bfQu\u00e9 intercambia con los dem\u00e1s?<\/li>\n<li>\u00bfSus amigos en l\u00ednea son amigos en la vida real?<\/li>\n<li>\u00bfQu\u00e9 hace para conseguir el mayor n\u00famero posible de \u201clike\u201d? \u00bfson importantes esos \u201clike\u201d?<\/li>\n<li style=\"text-align: justify;\">En las redes sociales, toda la gente es hermosa e interesante. \u00bfY eso c\u00f3mo se lo explica? \u00bfQu\u00e9 siente al respecto y c\u00f3mo lo ve?<\/li>\n<\/ul>\n<p>[\/vc_column_text][\/vc_accordion_tab][vc_accordion_tab title=&#8221;\u00bfPor qu\u00e9 es tan importante?&#8221;][vc_column_text]<\/p>\n<p style=\"text-align: justify;\">Trate de\u00a0<strong>entender por qu\u00e9 <\/strong>para su adolescente las redes sociales cobran tanta importancia. Los dem\u00e1s le dan una imagen positiva de s\u00ed mismo. Su adolescente recibe muchos \u201clike\u201d. La gente le felicita. Y Usted en tanto que padre o madre \u00bftambi\u00e9n le felicita?<\/p>\n<p style=\"text-align: justify;\">\u00bfA su adolescente le gustar\u00eda llevar una vida como la de las redes sociales? \u00bfQu\u00e9 dice su adolescente de s\u00ed mismo? \u00bfla verdad o no del todo la verdad? \u00bftal vez cosas que quisiera verse convertidas en realidad? \u00bfQuerr\u00eda llevar una vida distinta? \u00bfSiente celos de los dem\u00e1s?<\/p>\n<p style=\"text-align: justify;\">Las redes sociales le ayudan a olvidarse de sus problemas. \u00bfEn general c\u00f3mo va su adolescente? \u00bfEst\u00e1 integrado? \u00bfTiene amigos en la vida real? \u00bfY en la escuela c\u00f3mo lo va? \u00bfY en casa? Cu\u00e1ndo hay ri\u00f1as en casa, \u00bfc\u00f3mo lo lleva?<\/p>\n<p style=\"text-align: justify;\">Respalde a su adolescente para que halle los recursos necesarios para superar sus dificultades. Si persisten las dificultades, busque apoyo con especialistas, ya sea para Usted o para su adolescente.<\/p>\n<p>[\/vc_column_text][\/vc_accordion_tab][\/vc_accordion][\/vc_column][\/vc_row]<\/p>\n","protected":false},"excerpt":{"rendered":"<p>[vc_row][vc_column][vc_accordion active_tab=&#8221;0&#8243; collapsible=&#8221;yes&#8221; disable_keyboard=&#8221;yes&#8221; title_size=&#8221;h6&#8243; style=&#8221;3&#8243;][vc_accordion_tab title=&#8221;\u00bfA partir de cu\u00e1ndo puede considerarse problem\u00e1tico el uso de las redes sociales?&#8221;][vc_row_inner][vc_column_inner][vc_column_text] La situaci\u00f3n se vuelve problem\u00e1tica cuando Su adolescente pasa mucho tiempo en las redes sociales Su adolescente necesita estar viendo lo que est\u00e1 pasando Se siente nervioso o fastidiado por no estar en l\u00ednea Las pantallas&hellip;<\/p>\n","protected":false},"author":1,"featured_media":0,"parent":6845,"menu_order":0,"comment_status":"closed","ping_status":"closed","template":"","meta":{"footnotes":""},"class_list":["post-6855","page","type-page","status-publish","hentry","description-off"],"yoast_head":"<!-- This site is optimized with the Yoast SEO plugin v27.3 - https:\/\/yoast.com\/product\/yoast-seo-wordpress\/ -->\n<title>Redes sociales - MonAdo<\/title>\n<meta name=\"robots\" content=\"index, follow, max-snippet:-1, max-image-preview:large, max-video-preview:-1\" \/>\n<link rel=\"canonical\" href=\"http:\/\/monado.carrefouraddictions.ch\/pantallas\/redes-sociales\/\" \/>\n<meta property=\"og:locale\" content=\"en_US\" \/>\n<meta property=\"og:type\" content=\"article\" \/>\n<meta property=\"og:title\" content=\"Redes sociales - MonAdo\" \/>\n<meta property=\"og:description\" content=\"[vc_row][vc_column][vc_accordion active_tab=&#8221;0&#8243; collapsible=&#8221;yes&#8221; disable_keyboard=&#8221;yes&#8221; title_size=&#8221;h6&#8243; style=&#8221;3&#8243;][vc_accordion_tab title=&#8221;\u00bfA partir de cu\u00e1ndo puede considerarse problem\u00e1tico el uso de las redes sociales?&#8221;][vc_row_inner][vc_column_inner][vc_column_text] La situaci\u00f3n se vuelve problem\u00e1tica cuando Su adolescente pasa mucho tiempo en las redes sociales Su adolescente necesita estar viendo lo que est\u00e1 pasando Se siente nervioso o fastidiado por no estar en l\u00ednea Las pantallas&hellip;\" \/>\n<meta property=\"og:url\" content=\"http:\/\/monado.carrefouraddictions.ch\/pantallas\/redes-sociales\/\" \/>\n<meta property=\"og:site_name\" content=\"MonAdo\" \/>\n<meta property=\"article:publisher\" content=\"https:\/\/www.facebook.com\/carrefouraddictions\/\" \/>\n<meta property=\"article:modified_time\" content=\"2020-01-20T12:54:21+00:00\" \/>\n<meta name=\"twitter:card\" content=\"summary_large_image\" \/>\n<meta name=\"twitter:label1\" content=\"Est. reading time\" \/>\n\t<meta name=\"twitter:data1\" content=\"3 minutes\" \/>\n<script type=\"application\/ld+json\" class=\"yoast-schema-graph\">{\"@context\":\"https:\\\/\\\/schema.org\",\"@graph\":[{\"@type\":\"WebPage\",\"@id\":\"http:\\\/\\\/monado.carrefouraddictions.ch\\\/pantallas\\\/redes-sociales\\\/\",\"url\":\"http:\\\/\\\/monado.carrefouraddictions.ch\\\/pantallas\\\/redes-sociales\\\/\",\"name\":\"Redes sociales - MonAdo\",\"isPartOf\":{\"@id\":\"https:\\\/\\\/monado.carrefouraddictions.ch\\\/#website\"},\"datePublished\":\"2020-01-20T12:49:54+00:00\",\"dateModified\":\"2020-01-20T12:54:21+00:00\",\"breadcrumb\":{\"@id\":\"http:\\\/\\\/monado.carrefouraddictions.ch\\\/pantallas\\\/redes-sociales\\\/#breadcrumb\"},\"inLanguage\":\"en-US\",\"potentialAction\":[{\"@type\":\"ReadAction\",\"target\":[\"http:\\\/\\\/monado.carrefouraddictions.ch\\\/pantallas\\\/redes-sociales\\\/\"]}]},{\"@type\":\"BreadcrumbList\",\"@id\":\"http:\\\/\\\/monado.carrefouraddictions.ch\\\/pantallas\\\/redes-sociales\\\/#breadcrumb\",\"itemListElement\":[{\"@type\":\"ListItem\",\"position\":1,\"name\":\"Accueil\",\"item\":\"https:\\\/\\\/monado.carrefouraddictions.ch\\\/\"},{\"@type\":\"ListItem\",\"position\":2,\"name\":\"Pantallas\",\"item\":\"http:\\\/\\\/monado.carrefouraddictions.ch\\\/pantallas\\\/\"},{\"@type\":\"ListItem\",\"position\":3,\"name\":\"Redes sociales\"}]},{\"@type\":\"WebSite\",\"@id\":\"https:\\\/\\\/monado.carrefouraddictions.ch\\\/#website\",\"url\":\"https:\\\/\\\/monado.carrefouraddictions.ch\\\/\",\"name\":\"MonAdo\",\"description\":\"\",\"potentialAction\":[{\"@type\":\"SearchAction\",\"target\":{\"@type\":\"EntryPoint\",\"urlTemplate\":\"https:\\\/\\\/monado.carrefouraddictions.ch\\\/?s={search_term_string}\"},\"query-input\":{\"@type\":\"PropertyValueSpecification\",\"valueRequired\":true,\"valueName\":\"search_term_string\"}}],\"inLanguage\":\"en-US\"}]}<\/script>\n<!-- \/ Yoast SEO plugin. -->","yoast_head_json":{"title":"Redes sociales - MonAdo","robots":{"index":"index","follow":"follow","max-snippet":"max-snippet:-1","max-image-preview":"max-image-preview:large","max-video-preview":"max-video-preview:-1"},"canonical":"http:\/\/monado.carrefouraddictions.ch\/pantallas\/redes-sociales\/","og_locale":"en_US","og_type":"article","og_title":"Redes sociales - MonAdo","og_description":"[vc_row][vc_column][vc_accordion active_tab=&#8221;0&#8243; collapsible=&#8221;yes&#8221; disable_keyboard=&#8221;yes&#8221; title_size=&#8221;h6&#8243; style=&#8221;3&#8243;][vc_accordion_tab title=&#8221;\u00bfA partir de cu\u00e1ndo puede considerarse problem\u00e1tico el uso de las redes sociales?&#8221;][vc_row_inner][vc_column_inner][vc_column_text] La situaci\u00f3n se vuelve problem\u00e1tica cuando Su adolescente pasa mucho tiempo en las redes sociales Su adolescente necesita estar viendo lo que est\u00e1 pasando Se siente nervioso o fastidiado por no estar en l\u00ednea Las pantallas&hellip;","og_url":"http:\/\/monado.carrefouraddictions.ch\/pantallas\/redes-sociales\/","og_site_name":"MonAdo","article_publisher":"https:\/\/www.facebook.com\/carrefouraddictions\/","article_modified_time":"2020-01-20T12:54:21+00:00","twitter_card":"summary_large_image","twitter_misc":{"Est. reading time":"3 minutes"},"schema":{"@context":"https:\/\/schema.org","@graph":[{"@type":"WebPage","@id":"http:\/\/monado.carrefouraddictions.ch\/pantallas\/redes-sociales\/","url":"http:\/\/monado.carrefouraddictions.ch\/pantallas\/redes-sociales\/","name":"Redes sociales - MonAdo","isPartOf":{"@id":"https:\/\/monado.carrefouraddictions.ch\/#website"},"datePublished":"2020-01-20T12:49:54+00:00","dateModified":"2020-01-20T12:54:21+00:00","breadcrumb":{"@id":"http:\/\/monado.carrefouraddictions.ch\/pantallas\/redes-sociales\/#breadcrumb"},"inLanguage":"en-US","potentialAction":[{"@type":"ReadAction","target":["http:\/\/monado.carrefouraddictions.ch\/pantallas\/redes-sociales\/"]}]},{"@type":"BreadcrumbList","@id":"http:\/\/monado.carrefouraddictions.ch\/pantallas\/redes-sociales\/#breadcrumb","itemListElement":[{"@type":"ListItem","position":1,"name":"Accueil","item":"https:\/\/monado.carrefouraddictions.ch\/"},{"@type":"ListItem","position":2,"name":"Pantallas","item":"http:\/\/monado.carrefouraddictions.ch\/pantallas\/"},{"@type":"ListItem","position":3,"name":"Redes sociales"}]},{"@type":"WebSite","@id":"https:\/\/monado.carrefouraddictions.ch\/#website","url":"https:\/\/monado.carrefouraddictions.ch\/","name":"MonAdo","description":"","potentialAction":[{"@type":"SearchAction","target":{"@type":"EntryPoint","urlTemplate":"https:\/\/monado.carrefouraddictions.ch\/?s={search_term_string}"},"query-input":{"@type":"PropertyValueSpecification","valueRequired":true,"valueName":"search_term_string"}}],"inLanguage":"en-US"}]}},"_links":{"self":[{"href":"http:\/\/monado.carrefouraddictions.ch\/wp-json\/wp\/v2\/pages\/6855","targetHints":{"allow":["GET"]}}],"collection":[{"href":"http:\/\/monado.carrefouraddictions.ch\/wp-json\/wp\/v2\/pages"}],"about":[{"href":"http:\/\/monado.carrefouraddictions.ch\/wp-json\/wp\/v2\/types\/page"}],"author":[{"embeddable":true,"href":"http:\/\/monado.carrefouraddictions.ch\/wp-json\/wp\/v2\/users\/1"}],"replies":[{"embeddable":true,"href":"http:\/\/monado.carrefouraddictions.ch\/wp-json\/wp\/v2\/comments?post=6855"}],"version-history":[{"count":4,"href":"http:\/\/monado.carrefouraddictions.ch\/wp-json\/wp\/v2\/pages\/6855\/revisions"}],"predecessor-version":[{"id":6865,"href":"http:\/\/monado.carrefouraddictions.ch\/wp-json\/wp\/v2\/pages\/6855\/revisions\/6865"}],"up":[{"embeddable":true,"href":"http:\/\/monado.carrefouraddictions.ch\/wp-json\/wp\/v2\/pages\/6845"}],"wp:attachment":[{"href":"http:\/\/monado.carrefouraddictions.ch\/wp-json\/wp\/v2\/media?parent=6855"}],"curies":[{"name":"wp","href":"https:\/\/api.w.org\/{rel}","templated":true}]}}